{"id":35,"date":"2020-09-09T17:52:15","date_gmt":"2020-09-09T17:52:15","guid":{"rendered":"http:\/\/d2ginformatica.com.br\/?page_id=35"},"modified":"2026-03-03T19:38:56","modified_gmt":"2026-03-03T19:38:56","slug":"servicos-de-informatica","status":"publish","type":"page","link":"https:\/\/d2ginformatica.com.br\/","title":{"rendered":"Principal"},"content":{"rendered":"<p>SERVIDORES<br \/>\nRACKSREDESCameras CFTVWEB SITE.Montagem de Computadores.\t\t\t\t<\/p>\n<h3 style=\"text-align: left;\"><strong>Sobre N\u00f3s:<\/strong><\/h3>\n<p style=\"text-align: left;\">N\u00f3s somos uma empresa de servi\u00e7os de <a href=\"https:\/\/pt.wikipedia.org\/wiki\/Inform\u00e1tica\">inform\u00e1tica<\/a> com mais de 20 anos de experi\u00eancia. Com um laborat\u00f3rio pr\u00f3prio, oferecemos assist\u00eancia t\u00e9cnica para computadores em empresas e resid\u00eancias.\u00a0<\/p>\n<p style=\"text-align: left;\">Contamos com uma equipe altamente qualificada para realizar manuten\u00e7\u00f5es preventivas e corretivas em <a href=\"https:\/\/pt.wikipedia.org\/wiki\/Software\">software<\/a> e <a href=\"https:\/\/pt.wikipedia.org\/wiki\/Hardware\">hardware<\/a>. Al\u00e9m disso, oferecemos atendimento especializado em an\u00e1lise de redes de computadores e infraestrutura de rede e cameras <a href=\"https:\/\/pt.wikipedia.org\/wiki\/Circuito_fechado_de_televis\u00e3o\">CFTV<\/a>.<\/p>\n<p style=\"text-align: left;\">Reduzir os custos da sua empresa \u00e9 importante, por isso elaboramos um contrato de manuten\u00e7\u00e3o integrado com t\u00e9cnicos, equipamentos de suporte e substitui\u00e7\u00e3o, e atendimento em hor\u00e1rio comercial ou plant\u00e3o sob an\u00e1lise.<\/p>\n<h3 style=\"text-align: left;\"><strong>Seguran\u00e7a:<\/strong><\/h3>\n<p style=\"text-align: left;\">Para garantir a seguran\u00e7a da sua empresa ou resid\u00eancia, desenvolvemos projetos de instala\u00e7\u00e3o de <a href=\"https:\/\/pt.wikipedia.org\/wiki\/Circuito_fechado_de_televis\u00e3o\">c\u00e2meras CFTV<\/a> e alarmes com a mais alta tecnologia do mercado, garantindo monitoramento 24 horas por dia.<\/p>\n<h3 style=\"text-align: left;\"><strong>Redes\/Internet:<\/strong><\/h3>\n<p style=\"text-align: left;\">Configuramos <a href=\"https:\/\/pt.wikipedia.org\/wiki\/Rede_de_computadores\">redes<\/a> cabeadas ou <a href=\"https:\/\/pt.wikipedia.org\/wiki\/Comunica\u00e7\u00f5es_sem_fio\">wireless<\/a> e realizamos toda a configura\u00e7\u00e3o de acesso \u00e0 internet, incluindo a libera\u00e7\u00e3o de portas para acesso externo para aplica\u00e7\u00f5es de c\u00e2meras, jogos, sistemas de gest\u00e3o e acesso remoto para trabalhos em <a href=\"https:\/\/pt.wikipedia.org\/wiki\/Home_office\">Home Office<\/a>.<\/p>\n<h3 style=\"text-align: left;\"><strong>Antiv\u00edrus:<\/strong><\/h3>\n<p style=\"text-align: left;\">Sabemos que a internet \u00e9 um meio prop\u00edcio para a propaga\u00e7\u00e3o de<a href=\"https:\/\/pt.wikipedia.org\/wiki\/V\u00edrus_de_computador\"> v\u00edrus<\/a> e outras pragas, por isso realizamos a instala\u00e7\u00e3o de programas <a href=\"https:\/\/pt.wikipedia.org\/wiki\/Antiv\u00edrus\">antiv\u00edrus<\/a> pagos ou gratuitos em seus computadores ou rede de computadores.<\/p>\n<h3 style=\"text-align: justify;\"><strong>Website:<\/strong><\/h3>\n<p style=\"text-align: left;\">Ter uma <a href=\"https:\/\/pt.wikipedia.org\/wiki\/S\u00edtio_eletr\u00f3nico\">presen\u00e7a online<\/a> \u00e9 essencial para o sucesso de um neg\u00f3cio nos dias de hoje. Pensando nisso, desenvolvemos sites responsivos que se adaptam a todos os dispositivos e oferecemos servi\u00e7os de hospedagem a pre\u00e7os acess\u00edveis.<\/p>\n<p style=\"text-align: left;\">\u00a0Realizamos servi\u00e7os de inform\u00e1tica em todas as regi\u00f5es de S\u00e3o Paulo e interior,\u00a0 e estamos prontos para ajudar sua empresa a crescer.<\/p>\n<h2 style=\"text-align: center;\"><strong>Solicite uma visita hoje mesmo!<\/strong><\/h2>\n<p style=\"text-align: left;\">\u00a0<\/p>\n<p>\t\t\t<a href=\"https:\/\/api.whatsapp.com\/send?phone=551139789565&#038;text=Or%C3%A7amento%20de%20Seguran%C3%A7a%20\"><br \/>\n\t\t\t\t\t\t\t\t\tSolicitar um Or\u00e7amento<br \/>\n\t\t\t\t\t<\/a><br \/>\n\t\t\t\t\t\t\t<a href=\"https:\/\/api.whatsapp.com\/send?phone=5511981768299&#038;text=Ola%20estou%20interessados%20em%20manuten%C3%A7%C3%A3o%20de%20computadores\"><br \/>\n\t\t<\/a><br \/>\n\t\t\t\t\t\t\t<a href=\"https:\/\/api.whatsapp.com\/send?phone=5511981768299&#038;text=Ola%20estou%20interessados%20em%20cameras%20de%20seguran%C3%A7a\"><br \/>\n\t\t<\/a><br \/>\n\t\t\t\t\t\t\t<a href=\"https:\/\/api.whatsapp.com\/send?phone=5511981768299&#038;text=Ola%20estou%20interessados%20em%20servi%C3%A7oes%20de%20rede\"><br \/>\n\t\t<\/a><br \/>\n\t\t\t\t\t\t\t<a href=\"https:\/\/api.whatsapp.com\/send?phone=5511981768299&#038;text=Ola%20estou%20interessados%20em%20servi%C3%A7oes%20de%20rede\"><br \/>\n\t\t<\/a><br \/>\n\t\t\t\t\t\t\t<a href=\"https:\/\/api.whatsapp.com\/send?phone=5511981768299&#038;text=Ola%20tenho%20problemas%20com%20meu%20computador\"><br \/>\n\t\t<\/a><br \/>\n\t\t\t\t\t\t\t<a href=\"https:\/\/api.whatsapp.com\/send?phone=5511981768299&#038;text=Ola%20tenho%20interesse%20em%20recuperar%20dados\"><br \/>\n\t\t<\/a><br \/>\n\t\t\t\t\t\t\t\t\t\t\t\t\t\tPrevious<br \/>\n\t\t\t\t\t\t\t\t\t\t\t\t\t\tNext<\/p>\n<h3>\n\t\t\t\t\t\tPromo\u00e7\u00e3o\t\t\t\t\t\t<\/h3>\n<p>\t\t\t\t\t\t\tHD SSD 240GB<br \/>\n\t\t\t\t\t\tR$80<br \/>\n\t\t\t\t\t\t\t\tR$<br \/>\n\t\t\t\t\t\t210,00\t\t\t\t\t<\/p>\n<ul>\n<li>\n\t\t\t\t\t\t\t\t\t\tVarredura de Virus\n\t\t\t\t\t\t<\/li>\n<li>\n\t\t\t\t\t\t\t\t\t\tAtualiza\u00e7\u00e3o de programas\n\t\t\t\t\t\t<\/li>\n<li>\n\t\t\t\t\t\t\t\t\t\tEntre outros servi\u00e7os\n\t\t\t\t\t\t<\/li>\n<li>\n\t\t\t\t\t\t\t\t\t\tLimpeza de Temporarios\n\t\t\t\t\t\t<\/li>\n<li>\n\t\t\t\t\t\t\t\t\t\tOtimiza\u00e7\u00e3o do sistema\n\t\t\t\t\t\t<\/li>\n<li>\n\t\t\t\t\t\t\t\t\t\tConsulte nossos servi\u00e7os\n\t\t\t\t\t\t<\/li>\n<\/ul>\n<p>\t\t\t\t\t\t\t\t\t\t\t<a href=\"https:\/\/api.whatsapp.com\/send?phone=5511981768299&#038;text=Suporte%20remoto%2065\"><br \/>\n\t\t\t\t\t\t\tClique Aqui\t\t\t\t\t\t<\/a><br \/>\n\t\t\t\t\tPopular\t\t\t\t<\/p>\n<h2>Compartilhe nas redes sociais<\/h2>\n","protected":false},"excerpt":{"rendered":"<p>SERVIDORES RACKSREDESCameras CFTVWEB SITE.Montagem de Computadores. Sobre N\u00f3s: N\u00f3s somos uma empresa de servi\u00e7os de inform\u00e1tica com mais de 20 anos de experi\u00eancia. Com um laborat\u00f3rio pr\u00f3prio, oferecemos assist\u00eancia t\u00e9cnica para computadores em empresas e resid\u00eancias.\u00a0 Contamos com uma equipe altamente qualificada para realizar manuten\u00e7\u00f5es preventivas e corretivas em software e hardware. Al\u00e9m disso, oferecemos &#8230; <a title=\"Principal\" class=\"read-more\" href=\"https:\/\/d2ginformatica.com.br\/\" aria-label=\"Read more about Principal\">Ler mais<\/a><\/p>\n","protected":false},"author":1,"featured_media":0,"parent":0,"menu_order":0,"comment_status":"closed","ping_status":"closed","template":"","meta":{"footnotes":""},"class_list":["post-35","page","type-page","status-publish"],"yoast_head":"<!-- This site is optimized with the Yoast SEO Premium plugin v24.5 (Yoast SEO v24.5) - https:\/\/yoast.com\/wordpress\/plugins\/seo\/ -->\n<title>Principal - D2g Manuten\u00e7\u00e3o de Computadores - Instala\u00e7\u00e3o Cameras CFTV<\/title>\n<meta name=\"description\" content=\"Somos uma empresa de servi\u00e7os de inform\u00e1tica com mais de 20 anos de experi\u00eancia em assist\u00eancia t\u00e9cnica para computadores e cameras CTV alarme\" \/>\n<meta name=\"robots\" content=\"index, follow, max-snippet:-1, max-image-preview:large, max-video-preview:-1\" \/>\n<link rel=\"canonical\" href=\"https:\/\/d2ginformatica.com.br\/\" \/>\n<meta property=\"og:locale\" content=\"pt_BR\" \/>\n<meta property=\"og:type\" content=\"article\" \/>\n<meta property=\"og:title\" content=\"Principal\" \/>\n<meta property=\"og:description\" content=\"Somos uma empresa de servi\u00e7os de inform\u00e1tica com mais de 20 anos de experi\u00eancia em assist\u00eancia t\u00e9cnica para computadores e cameras CTV alarme\" \/>\n<meta property=\"og:url\" content=\"https:\/\/d2ginformatica.com.br\/\" \/>\n<meta property=\"og:site_name\" content=\"D2g\" \/>\n<meta property=\"article:modified_time\" content=\"2026-03-03T19:38:56+00:00\" \/>\n<meta property=\"og:image\" content=\"https:\/\/d2ginformatica.com.br\/wp-content\/uploads\/2020\/09\/logo-1024x511-1.jpeg\" \/>\n\t<meta property=\"og:image:width\" content=\"1024\" \/>\n\t<meta property=\"og:image:height\" content=\"511\" \/>\n\t<meta property=\"og:image:type\" content=\"image\/jpeg\" \/>\n<meta name=\"twitter:card\" content=\"summary_large_image\" \/>\n<meta name=\"twitter:label1\" content=\"Est. tempo de leitura\" \/>\n\t<meta name=\"twitter:data1\" content=\"2 minutos\" \/>\n<script type=\"application\/ld+json\" class=\"yoast-schema-graph\">{\"@context\":\"https:\/\/schema.org\",\"@graph\":[{\"@type\":\"WebPage\",\"@id\":\"https:\/\/d2ginformatica.com.br\/\",\"url\":\"https:\/\/d2ginformatica.com.br\/\",\"name\":\"Principal - D2g Manuten\u00e7\u00e3o de Computadores - Instala\u00e7\u00e3o Cameras CFTV\",\"isPartOf\":{\"@id\":\"https:\/\/d2ginformatica.com.br\/#website\"},\"datePublished\":\"2020-09-09T17:52:15+00:00\",\"dateModified\":\"2026-03-03T19:38:56+00:00\",\"description\":\"Somos uma empresa de servi\u00e7os de inform\u00e1tica com mais de 20 anos de experi\u00eancia em assist\u00eancia t\u00e9cnica para computadores e cameras CTV alarme\",\"breadcrumb\":{\"@id\":\"https:\/\/d2ginformatica.com.br\/#breadcrumb\"},\"inLanguage\":\"pt-BR\",\"potentialAction\":[{\"@type\":\"ReadAction\",\"target\":[\"https:\/\/d2ginformatica.com.br\/\"]}]},{\"@type\":\"BreadcrumbList\",\"@id\":\"https:\/\/d2ginformatica.com.br\/#breadcrumb\",\"itemListElement\":[{\"@type\":\"ListItem\",\"position\":1,\"name\":\"Home\",\"item\":\"https:\/\/d2ginformatica.com.br\/\"},{\"@type\":\"ListItem\",\"position\":2,\"name\":\"Principal\"}]},{\"@type\":\"WebSite\",\"@id\":\"https:\/\/d2ginformatica.com.br\/#website\",\"url\":\"https:\/\/d2ginformatica.com.br\/\",\"name\":\"D2g\",\"description\":\"assist\u00eancia t\u00e9cnica em computadores\",\"publisher\":{\"@id\":\"https:\/\/d2ginformatica.com.br\/#organization\"},\"potentialAction\":[{\"@type\":\"SearchAction\",\"target\":{\"@type\":\"EntryPoint\",\"urlTemplate\":\"https:\/\/d2ginformatica.com.br\/?s={search_term_string}\"},\"query-input\":{\"@type\":\"PropertyValueSpecification\",\"valueRequired\":true,\"valueName\":\"search_term_string\"}}],\"inLanguage\":\"pt-BR\"},{\"@type\":[\"Organization\",\"Place\"],\"@id\":\"https:\/\/d2ginformatica.com.br\/#organization\",\"name\":\"D2G Inform\u00e1tica - assist\u00eancia t\u00e9cnica e inform\u00e1tica\",\"url\":\"https:\/\/d2ginformatica.com.br\/\",\"logo\":{\"@id\":\"https:\/\/d2ginformatica.com.br\/#local-main-organization-logo\"},\"image\":{\"@id\":\"https:\/\/d2ginformatica.com.br\/#local-main-organization-logo\"},\"address\":{\"@id\":\"https:\/\/d2ginformatica.com.br\/#local-main-place-address\"},\"telephone\":[\"11981768299\"],\"openingHoursSpecification\":[{\"@type\":\"OpeningHoursSpecification\",\"dayOfWeek\":[\"Monday\",\"Tuesday\",\"Wednesday\",\"Thursday\",\"Friday\"],\"opens\":\"08:00\",\"closes\":\"17:00\"},{\"@type\":\"OpeningHoursSpecification\",\"dayOfWeek\":[\"Saturday\"],\"opens\":\"20:00\",\"closes\":\"00:00\"},{\"@type\":\"OpeningHoursSpecification\",\"dayOfWeek\":[\"Sunday\"],\"opens\":\"00:00\",\"closes\":\"00:00\"}],\"vatID\":\"45.968.392\/0001-15\",\"globalLocationNumber\":\"G893+3W Vila Am\u00e9lia, S\u00e3o Paulo - SP, Brasil\"},{\"@type\":\"PostalAddress\",\"@id\":\"https:\/\/d2ginformatica.com.br\/#local-main-place-address\",\"streetAddress\":\"Av. Ministro Petr\u00f4nio Portela N\u00ba 2018, 1139789565\",\"addressLocality\":\"S\u00e3o Paulo\",\"postalCode\":\"02802120\",\"addressRegion\":\"S\u00e3o Paulo\",\"addressCountry\":\"BR\"},{\"@type\":\"ImageObject\",\"inLanguage\":\"pt-BR\",\"@id\":\"https:\/\/d2ginformatica.com.br\/#local-main-organization-logo\",\"url\":\"https:\/\/d2ginformatica.com.br\/wp-content\/uploads\/2020\/09\/logo-1024x511-1.jpeg\",\"contentUrl\":\"https:\/\/d2ginformatica.com.br\/wp-content\/uploads\/2020\/09\/logo-1024x511-1.jpeg\",\"width\":1024,\"height\":511,\"caption\":\"D2G Inform\u00e1tica - assist\u00eancia t\u00e9cnica e inform\u00e1tica\"}]}<\/script>\n<meta name=\"geo.placename\" content=\"S\u00e3o Paulo\" \/>\n<meta name=\"geo.region\" content=\"Brasil\" \/>\n<!-- \/ Yoast SEO Premium plugin. -->","yoast_head_json":{"title":"Principal - D2g Manuten\u00e7\u00e3o de Computadores - Instala\u00e7\u00e3o Cameras CFTV","description":"Somos uma empresa de servi\u00e7os de inform\u00e1tica com mais de 20 anos de experi\u00eancia em assist\u00eancia t\u00e9cnica para computadores e cameras CTV alarme","robots":{"index":"index","follow":"follow","max-snippet":"max-snippet:-1","max-image-preview":"max-image-preview:large","max-video-preview":"max-video-preview:-1"},"canonical":"https:\/\/d2ginformatica.com.br\/","og_locale":"pt_BR","og_type":"article","og_title":"Principal","og_description":"Somos uma empresa de servi\u00e7os de inform\u00e1tica com mais de 20 anos de experi\u00eancia em assist\u00eancia t\u00e9cnica para computadores e cameras CTV alarme","og_url":"https:\/\/d2ginformatica.com.br\/","og_site_name":"D2g","article_modified_time":"2026-03-03T19:38:56+00:00","og_image":[{"width":1024,"height":511,"url":"https:\/\/d2ginformatica.com.br\/wp-content\/uploads\/2020\/09\/logo-1024x511-1.jpeg","type":"image\/jpeg"}],"twitter_card":"summary_large_image","twitter_misc":{"Est. tempo de leitura":"2 minutos"},"schema":{"@context":"https:\/\/schema.org","@graph":[{"@type":"WebPage","@id":"https:\/\/d2ginformatica.com.br\/","url":"https:\/\/d2ginformatica.com.br\/","name":"Principal - D2g Manuten\u00e7\u00e3o de Computadores - Instala\u00e7\u00e3o Cameras CFTV","isPartOf":{"@id":"https:\/\/d2ginformatica.com.br\/#website"},"datePublished":"2020-09-09T17:52:15+00:00","dateModified":"2026-03-03T19:38:56+00:00","description":"Somos uma empresa de servi\u00e7os de inform\u00e1tica com mais de 20 anos de experi\u00eancia em assist\u00eancia t\u00e9cnica para computadores e cameras CTV alarme","breadcrumb":{"@id":"https:\/\/d2ginformatica.com.br\/#breadcrumb"},"inLanguage":"pt-BR","potentialAction":[{"@type":"ReadAction","target":["https:\/\/d2ginformatica.com.br\/"]}]},{"@type":"BreadcrumbList","@id":"https:\/\/d2ginformatica.com.br\/#breadcrumb","itemListElement":[{"@type":"ListItem","position":1,"name":"Home","item":"https:\/\/d2ginformatica.com.br\/"},{"@type":"ListItem","position":2,"name":"Principal"}]},{"@type":"WebSite","@id":"https:\/\/d2ginformatica.com.br\/#website","url":"https:\/\/d2ginformatica.com.br\/","name":"D2g","description":"assist\u00eancia t\u00e9cnica em computadores","publisher":{"@id":"https:\/\/d2ginformatica.com.br\/#organization"},"potentialAction":[{"@type":"SearchAction","target":{"@type":"EntryPoint","urlTemplate":"https:\/\/d2ginformatica.com.br\/?s={search_term_string}"},"query-input":{"@type":"PropertyValueSpecification","valueRequired":true,"valueName":"search_term_string"}}],"inLanguage":"pt-BR"},{"@type":["Organization","Place"],"@id":"https:\/\/d2ginformatica.com.br\/#organization","name":"D2G Inform\u00e1tica - assist\u00eancia t\u00e9cnica e inform\u00e1tica","url":"https:\/\/d2ginformatica.com.br\/","logo":{"@id":"https:\/\/d2ginformatica.com.br\/#local-main-organization-logo"},"image":{"@id":"https:\/\/d2ginformatica.com.br\/#local-main-organization-logo"},"address":{"@id":"https:\/\/d2ginformatica.com.br\/#local-main-place-address"},"telephone":["11981768299"],"openingHoursSpecification":[{"@type":"OpeningHoursSpecification","dayOfWeek":["Monday","Tuesday","Wednesday","Thursday","Friday"],"opens":"08:00","closes":"17:00"},{"@type":"OpeningHoursSpecification","dayOfWeek":["Saturday"],"opens":"20:00","closes":"00:00"},{"@type":"OpeningHoursSpecification","dayOfWeek":["Sunday"],"opens":"00:00","closes":"00:00"}],"vatID":"45.968.392\/0001-15","globalLocationNumber":"G893+3W Vila Am\u00e9lia, S\u00e3o Paulo - SP, Brasil"},{"@type":"PostalAddress","@id":"https:\/\/d2ginformatica.com.br\/#local-main-place-address","streetAddress":"Av. Ministro Petr\u00f4nio Portela N\u00ba 2018, 1139789565","addressLocality":"S\u00e3o Paulo","postalCode":"02802120","addressRegion":"S\u00e3o Paulo","addressCountry":"BR"},{"@type":"ImageObject","inLanguage":"pt-BR","@id":"https:\/\/d2ginformatica.com.br\/#local-main-organization-logo","url":"https:\/\/d2ginformatica.com.br\/wp-content\/uploads\/2020\/09\/logo-1024x511-1.jpeg","contentUrl":"https:\/\/d2ginformatica.com.br\/wp-content\/uploads\/2020\/09\/logo-1024x511-1.jpeg","width":1024,"height":511,"caption":"D2G Inform\u00e1tica - assist\u00eancia t\u00e9cnica e inform\u00e1tica"}]},"geo.placename":"S\u00e3o Paulo","geo.region":"Brasil"},"_links":{"self":[{"href":"https:\/\/d2ginformatica.com.br\/index.php\/wp-json\/wp\/v2\/pages\/35","targetHints":{"allow":["GET"]}}],"collection":[{"href":"https:\/\/d2ginformatica.com.br\/index.php\/wp-json\/wp\/v2\/pages"}],"about":[{"href":"https:\/\/d2ginformatica.com.br\/index.php\/wp-json\/wp\/v2\/types\/page"}],"author":[{"embeddable":true,"href":"https:\/\/d2ginformatica.com.br\/index.php\/wp-json\/wp\/v2\/users\/1"}],"replies":[{"embeddable":true,"href":"https:\/\/d2ginformatica.com.br\/index.php\/wp-json\/wp\/v2\/comments?post=35"}],"version-history":[{"count":15,"href":"https:\/\/d2ginformatica.com.br\/index.php\/wp-json\/wp\/v2\/pages\/35\/revisions"}],"predecessor-version":[{"id":30187,"href":"https:\/\/d2ginformatica.com.br\/index.php\/wp-json\/wp\/v2\/pages\/35\/revisions\/30187"}],"wp:attachment":[{"href":"https:\/\/d2ginformatica.com.br\/index.php\/wp-json\/wp\/v2\/media?parent=35"}],"curies":[{"name":"wp","href":"https:\/\/api.w.org\/{rel}","templated":true}]}}