{"id":134,"date":"2021-04-14T18:56:26","date_gmt":"2021-04-14T18:56:26","guid":{"rendered":"http:\/\/d2ginformatica.com.br\/?page_id=134"},"modified":"2023-06-08T19:38:49","modified_gmt":"2023-06-08T19:38:49","slug":"cameras-de-seguranca-cftv-alarme","status":"publish","type":"page","link":"https:\/\/d2ginformatica.com.br\/index.php\/cameras-de-seguranca-cftv-alarme\/","title":{"rendered":"C\u00e2meras de Seguran\u00e7a CFTV"},"content":{"rendered":"\t\t<div data-elementor-type=\"wp-page\" data-elementor-id=\"134\" class=\"elementor elementor-134\" data-elementor-post-type=\"page\">\n\t\t\t\t\t\t<section class=\"elementor-section elementor-top-section elementor-element elementor-element-0803cd9 elementor-section-boxed elementor-section-height-default elementor-section-height-default\" data-id=\"0803cd9\" data-element_type=\"section\" data-e-type=\"section\">\n\t\t\t\t\t\t<div class=\"elementor-container elementor-column-gap-default\">\n\t\t\t\t\t<div class=\"elementor-column elementor-col-100 elementor-top-column elementor-element elementor-element-510fdbf\" data-id=\"510fdbf\" data-element_type=\"column\" data-e-type=\"column\">\n\t\t\t<div class=\"elementor-widget-wrap\">\n\t\t\t\t\t\t\t<\/div>\n\t\t<\/div>\n\t\t\t\t\t<\/div>\n\t\t<\/section>\n\t\t\t\t<section class=\"elementor-section elementor-top-section elementor-element elementor-element-4b138f9 elementor-section-full_width elementor-section-height-default elementor-section-height-default\" data-id=\"4b138f9\" data-element_type=\"section\" data-e-type=\"section\">\n\t\t\t\t\t\t<div class=\"elementor-container elementor-column-gap-default\">\n\t\t\t\t\t<div class=\"elementor-column elementor-col-100 elementor-top-column elementor-element elementor-element-1d87ad4\" data-id=\"1d87ad4\" data-element_type=\"column\" data-e-type=\"column\">\n\t\t\t<div class=\"elementor-widget-wrap elementor-element-populated\">\n\t\t\t\t\t\t<div class=\"elementor-element elementor-element-e0f8ef6 elementor--h-position-center elementor--v-position-middle elementor-arrows-position-inside elementor-pagination-position-inside elementor-widget elementor-widget-slides\" data-id=\"e0f8ef6\" data-element_type=\"widget\" data-e-type=\"widget\" data-settings=\"{&quot;navigation&quot;:&quot;both&quot;,&quot;autoplay&quot;:&quot;yes&quot;,&quot;pause_on_hover&quot;:&quot;yes&quot;,&quot;pause_on_interaction&quot;:&quot;yes&quot;,&quot;autoplay_speed&quot;:5000,&quot;infinite&quot;:&quot;yes&quot;,&quot;transition&quot;:&quot;slide&quot;,&quot;transition_speed&quot;:500}\" data-widget_type=\"slides.default\">\n\t\t\t\t<div class=\"elementor-widget-container\">\n\t\t\t\t\t\t\t\t\t<div class=\"elementor-swiper\">\n\t\t\t\t\t<div class=\"elementor-slides-wrapper elementor-main-swiper swiper\" role=\"region\" aria-roledescription=\"carousel\" aria-label=\"Slides\" dir=\"ltr\" data-animation=\"fadeInUp\">\n\t\t\t\t<div class=\"swiper-wrapper elementor-slides\">\n\t\t\t\t\t\t\t\t\t\t<div class=\"elementor-repeater-item-675f493 swiper-slide\" role=\"group\" aria-roledescription=\"slide\"><div class=\"swiper-slide-bg\" role=\"img\" aria-label=\"1\"><\/div><div class=\"swiper-slide-inner\" ><div class=\"swiper-slide-contents\"><\/div><\/div><\/div><div class=\"elementor-repeater-item-3d16bb7 swiper-slide\" role=\"group\" aria-roledescription=\"slide\"><div class=\"swiper-slide-bg\" role=\"img\" aria-label=\"8\"><\/div><div class=\"swiper-slide-inner\" ><div class=\"swiper-slide-contents\"><\/div><\/div><\/div><div class=\"elementor-repeater-item-b4d039d swiper-slide\" role=\"group\" aria-roledescription=\"slide\"><div class=\"swiper-slide-bg\" role=\"img\" aria-label=\"Cameras CFTV em S\u00e3o Paulo\"><\/div><div class=\"swiper-slide-inner\" ><div class=\"swiper-slide-contents\"><\/div><\/div><\/div><div class=\"elementor-repeater-item-02a112e swiper-slide\" role=\"group\" aria-roledescription=\"slide\"><div class=\"swiper-slide-bg\" role=\"img\" aria-label=\"5\"><\/div><div class=\"swiper-slide-inner\" ><div class=\"swiper-slide-contents\"><\/div><\/div><\/div>\t\t\t\t<\/div>\n\t\t\t\t\t\t\t\t\t\t\t\t\t\t\t<div class=\"elementor-swiper-button elementor-swiper-button-prev\" role=\"button\" tabindex=\"0\" aria-label=\"Slide anterior\">\n\t\t\t\t\t\t\t<i aria-hidden=\"true\" class=\"eicon-chevron-left\"><\/i>\t\t\t\t\t\t<\/div>\n\t\t\t\t\t\t<div class=\"elementor-swiper-button elementor-swiper-button-next\" role=\"button\" tabindex=\"0\" aria-label=\"Pr\u00f3ximo slide\">\n\t\t\t\t\t\t\t<i aria-hidden=\"true\" class=\"eicon-chevron-right\"><\/i>\t\t\t\t\t\t<\/div>\n\t\t\t\t\t\t\t\t\t\t\t\t\t\t\t\t<div class=\"swiper-pagination\"><\/div>\n\t\t\t\t\t\t\t\t\t\t\t\t<\/div>\n\t\t\t\t<\/div>\n\t\t\t\t\t\t\t\t<\/div>\n\t\t\t\t<\/div>\n\t\t\t\t\t<\/div>\n\t\t<\/div>\n\t\t\t\t\t<\/div>\n\t\t<\/section>\n\t\t\t\t<section class=\"elementor-section elementor-top-section elementor-element elementor-element-d2bb031 elementor-section-full_width elementor-section-height-default elementor-section-height-default elementor-invisible\" data-id=\"d2bb031\" data-element_type=\"section\" data-e-type=\"section\" data-settings=\"{&quot;animation&quot;:&quot;fadeInLeft&quot;,&quot;background_background&quot;:&quot;classic&quot;}\">\n\t\t\t\t\t\t\t<div class=\"elementor-background-overlay\"><\/div>\n\t\t\t\t\t\t\t<div class=\"elementor-container elementor-column-gap-default\">\n\t\t\t\t\t<div class=\"elementor-column elementor-col-100 elementor-top-column elementor-element elementor-element-51c20ff\" data-id=\"51c20ff\" data-element_type=\"column\" data-e-type=\"column\" data-settings=\"{&quot;background_background&quot;:&quot;classic&quot;}\">\n\t\t\t<div class=\"elementor-widget-wrap elementor-element-populated\">\n\t\t\t\t\t<div class=\"elementor-background-overlay\"><\/div>\n\t\t\t\t\t\t<div class=\"elementor-element elementor-element-b0112e6 elementor-drop-cap-yes e-transform elementor-drop-cap-view-default elementor-widget elementor-widget-text-editor\" data-id=\"b0112e6\" data-element_type=\"widget\" data-e-type=\"widget\" data-settings=\"{&quot;drop_cap&quot;:&quot;yes&quot;,&quot;_transform_rotateZ_effect&quot;:{&quot;unit&quot;:&quot;px&quot;,&quot;size&quot;:0,&quot;sizes&quot;:[]},&quot;_transform_rotateZ_effect_tablet&quot;:{&quot;unit&quot;:&quot;deg&quot;,&quot;size&quot;:&quot;&quot;,&quot;sizes&quot;:[]},&quot;_transform_rotateZ_effect_mobile&quot;:{&quot;unit&quot;:&quot;deg&quot;,&quot;size&quot;:&quot;&quot;,&quot;sizes&quot;:[]}}\" data-widget_type=\"text-editor.default\">\n\t\t\t\t<div class=\"elementor-widget-container\">\n\t\t\t\t\t\t\t\t\t<p>Nos dias de hoje prezamos muitos pela nossa seguran\u00e7a , pensando\u00a0 nesse assunto, a D2G conta com uma equipe de profissionais qualificados para realizar servi\u00e7os de instala\u00e7\u00e3o e manuten\u00e7\u00e3o de circuito de C\u00e2meras\u00a0 de seguran\u00e7a <a href=\"https:\/\/pt.wikipedia.org\/wiki\/Circuito_fechado_de_televis%C3%A3o\">CFTV<\/a> e alarme de seguran\u00e7a e cercas el\u00e9tricas.<\/p><p>Assim mantendo sua empresa ou sua resid\u00eancia como seguran\u00e7a e monitoramento 24h por dia 365 dias no ano, tendo a acessibilidade de visualiza\u00e7\u00e3o de qualquer dispositivo conectado\u00a0 a internet como Smartphone, Computador , Tablet , Tvs Android ( Alguns Modelos ), n\u00e3o importa aonde esteja basta ter conex\u00e3o com a internet em seu dispositivo para ter a visualiza\u00e7\u00e3o em tempo real o ambiente monitorado.<\/p><p>Trabalhamos com as principais marcas do mercado fornecendo a nossos clientes oque tem de mais atual no mercado de Cameras\u00a0 de seguran\u00e7a <a href=\"https:\/\/pt.wikipedia.org\/wiki\/Circuito_fechado_de_televis%C3%A3o\">CFTV<\/a>, entre em contato conosco e solicite um or\u00e7amento no bot\u00e3o abaixo.<\/p>\t\t\t\t\t\t\t\t<\/div>\n\t\t\t\t<\/div>\n\t\t\t\t<div class=\"elementor-element elementor-element-2b8889b elementor-align-center elementor-widget elementor-widget-button\" data-id=\"2b8889b\" data-element_type=\"widget\" data-e-type=\"widget\" data-widget_type=\"button.default\">\n\t\t\t\t<div class=\"elementor-widget-container\">\n\t\t\t\t\t\t\t\t\t<div class=\"elementor-button-wrapper\">\n\t\t\t\t\t<a class=\"elementor-button elementor-button-link elementor-size-lg elementor-animation-grow\" href=\"https:\/\/api.whatsapp.com\/send?phone=551139789565&#038;text=Or%C3%A7amento%20de%20Cameras%20CFTV\">\n\t\t\t\t\t\t<span class=\"elementor-button-content-wrapper\">\n\t\t\t\t\t\t\t\t\t<span class=\"elementor-button-text\">Solicitar um Or\u00e7amento<\/span>\n\t\t\t\t\t<\/span>\n\t\t\t\t\t<\/a>\n\t\t\t\t<\/div>\n\t\t\t\t\t\t\t\t<\/div>\n\t\t\t\t<\/div>\n\t\t\t\t<div class=\"elementor-element elementor-element-53b1572 elementor-widget elementor-widget-heading\" data-id=\"53b1572\" data-element_type=\"widget\" data-e-type=\"widget\" data-widget_type=\"heading.default\">\n\t\t\t\t<div class=\"elementor-widget-container\">\n\t\t\t\t\t<h2 class=\"elementor-heading-title elementor-size-medium\">Compartilhe nas redes sociais<\/h2>\t\t\t\t<\/div>\n\t\t\t\t<\/div>\n\t\t\t\t<div class=\"elementor-element elementor-element-320e107 elementor-share-buttons--view-icon elementor-share-buttons--shape-circle elementor-share-buttons--skin-gradient elementor-grid-0 elementor-share-buttons--color-official elementor-invisible elementor-widget elementor-widget-share-buttons\" data-id=\"320e107\" data-element_type=\"widget\" data-e-type=\"widget\" data-settings=\"{&quot;_animation&quot;:&quot;fadeInUp&quot;}\" data-widget_type=\"share-buttons.default\">\n\t\t\t\t<div class=\"elementor-widget-container\">\n\t\t\t\t\t\t\t<div class=\"elementor-grid\" role=\"list\">\n\t\t\t\t\t\t\t\t<div class=\"elementor-grid-item\" role=\"listitem\">\n\t\t\t\t\t\t<div class=\"elementor-share-btn elementor-share-btn_facebook\" role=\"button\" tabindex=\"0\" aria-label=\"Compartilhar no facebook\">\n\t\t\t\t\t\t\t\t\t\t\t\t\t\t\t<span class=\"elementor-share-btn__icon\">\n\t\t\t\t\t\t\t\t<i class=\"fab fa-facebook\" aria-hidden=\"true\"><\/i>\t\t\t\t\t\t\t<\/span>\n\t\t\t\t\t\t\t\t\t\t\t\t\t\t\t\t\t\t\t\t<\/div>\n\t\t\t\t\t<\/div>\n\t\t\t\t\t\t\t\t\t<div class=\"elementor-grid-item\" role=\"listitem\">\n\t\t\t\t\t\t<div class=\"elementor-share-btn elementor-share-btn_email\" role=\"button\" tabindex=\"0\" aria-label=\"Compartilhar no email\">\n\t\t\t\t\t\t\t\t\t\t\t\t\t\t\t<span class=\"elementor-share-btn__icon\">\n\t\t\t\t\t\t\t\t<i class=\"fas fa-envelope\" aria-hidden=\"true\"><\/i>\t\t\t\t\t\t\t<\/span>\n\t\t\t\t\t\t\t\t\t\t\t\t\t\t\t\t\t\t\t\t<\/div>\n\t\t\t\t\t<\/div>\n\t\t\t\t\t\t\t\t\t<div class=\"elementor-grid-item\" role=\"listitem\">\n\t\t\t\t\t\t<div class=\"elementor-share-btn elementor-share-btn_linkedin\" role=\"button\" tabindex=\"0\" aria-label=\"Compartilhar no linkedin\">\n\t\t\t\t\t\t\t\t\t\t\t\t\t\t\t<span class=\"elementor-share-btn__icon\">\n\t\t\t\t\t\t\t\t<i class=\"fab fa-linkedin\" aria-hidden=\"true\"><\/i>\t\t\t\t\t\t\t<\/span>\n\t\t\t\t\t\t\t\t\t\t\t\t\t\t\t\t\t\t\t\t<\/div>\n\t\t\t\t\t<\/div>\n\t\t\t\t\t\t\t\t\t<div class=\"elementor-grid-item\" role=\"listitem\">\n\t\t\t\t\t\t<div class=\"elementor-share-btn elementor-share-btn_whatsapp\" role=\"button\" tabindex=\"0\" aria-label=\"Compartilhar no whatsapp\">\n\t\t\t\t\t\t\t\t\t\t\t\t\t\t\t<span class=\"elementor-share-btn__icon\">\n\t\t\t\t\t\t\t\t<i class=\"fab fa-whatsapp\" aria-hidden=\"true\"><\/i>\t\t\t\t\t\t\t<\/span>\n\t\t\t\t\t\t\t\t\t\t\t\t\t\t\t\t\t\t\t\t<\/div>\n\t\t\t\t\t<\/div>\n\t\t\t\t\t\t<\/div>\n\t\t\t\t\t\t<\/div>\n\t\t\t\t<\/div>\n\t\t\t\t\t<\/div>\n\t\t<\/div>\n\t\t\t\t\t<\/div>\n\t\t<\/section>\n\t\t\t\t<\/div>\n\t\t","protected":false},"excerpt":{"rendered":"<p>Previous Next Nos dias de hoje prezamos muitos pela nossa seguran\u00e7a , pensando\u00a0 nesse assunto, a D2G conta com uma equipe de profissionais qualificados para realizar servi\u00e7os de instala\u00e7\u00e3o e manuten\u00e7\u00e3o de circuito de C\u00e2meras\u00a0 de seguran\u00e7a CFTV e alarme de seguran\u00e7a e cercas el\u00e9tricas. Assim mantendo sua empresa ou sua resid\u00eancia como seguran\u00e7a e &#8230; <a title=\"C\u00e2meras de Seguran\u00e7a CFTV\" class=\"read-more\" href=\"https:\/\/d2ginformatica.com.br\/index.php\/cameras-de-seguranca-cftv-alarme\/\" aria-label=\"Read more about C\u00e2meras de Seguran\u00e7a CFTV\">Ler mais<\/a><\/p>\n","protected":false},"author":1,"featured_media":0,"parent":0,"menu_order":0,"comment_status":"closed","ping_status":"closed","template":"","meta":{"footnotes":""},"class_list":["post-134","page","type-page","status-publish"],"yoast_head":"<!-- This site is optimized with the Yoast SEO Premium plugin v24.5 (Yoast SEO v24.5) - https:\/\/yoast.com\/wordpress\/plugins\/seo\/ -->\n<title>C\u00e2meras de Seguran\u00e7a CFTV - D2g - CFTV Cameras de seguran\u00e7a %<\/title>\n<meta name=\"description\" content=\"Instala\u00e7\u00e3o e configura\u00e7\u00e3o de C\u00e2meras\u00a0 de seguran\u00e7a CFTV, instala\u00e7\u00e3o de cerca el\u00e9trica e alarmes monitorados , manuten\u00e7\u00e3o geral....\" \/>\n<meta name=\"robots\" content=\"index, follow, max-snippet:-1, max-image-preview:large, max-video-preview:-1\" \/>\n<link rel=\"canonical\" href=\"https:\/\/d2ginformatica.com.br\/index.php\/cameras-de-seguranca-cftv-alarme\/\" \/>\n<meta property=\"og:locale\" content=\"pt_BR\" \/>\n<meta property=\"og:type\" content=\"article\" \/>\n<meta property=\"og:title\" content=\"C\u00e2meras de Seguran\u00e7a CFTV\" \/>\n<meta property=\"og:description\" content=\"Instala\u00e7\u00e3o e configura\u00e7\u00e3o de C\u00e2meras\u00a0 de seguran\u00e7a CFTV, instala\u00e7\u00e3o de cerca el\u00e9trica e alarmes monitorados , manuten\u00e7\u00e3o geral....\" \/>\n<meta property=\"og:url\" content=\"https:\/\/d2ginformatica.com.br\/index.php\/cameras-de-seguranca-cftv-alarme\/\" \/>\n<meta property=\"og:site_name\" content=\"D2g\" \/>\n<meta property=\"article:modified_time\" content=\"2023-06-08T19:38:49+00:00\" \/>\n<meta name=\"twitter:card\" content=\"summary_large_image\" \/>\n<meta name=\"twitter:label1\" content=\"Est. tempo de leitura\" \/>\n\t<meta name=\"twitter:data1\" content=\"1 minuto\" \/>\n<script type=\"application\/ld+json\" class=\"yoast-schema-graph\">{\"@context\":\"https:\/\/schema.org\",\"@graph\":[{\"@type\":[\"WebPage\",\"ItemPage\"],\"@id\":\"https:\/\/d2ginformatica.com.br\/index.php\/cameras-de-seguranca-cftv-alarme\/\",\"url\":\"https:\/\/d2ginformatica.com.br\/index.php\/cameras-de-seguranca-cftv-alarme\/\",\"name\":\"C\u00e2meras de Seguran\u00e7a CFTV - D2g - CFTV Cameras de seguran\u00e7a %\",\"isPartOf\":{\"@id\":\"https:\/\/d2ginformatica.com.br\/#website\"},\"datePublished\":\"2021-04-14T18:56:26+00:00\",\"dateModified\":\"2023-06-08T19:38:49+00:00\",\"description\":\"Instala\u00e7\u00e3o e configura\u00e7\u00e3o de C\u00e2meras\u00a0 de seguran\u00e7a CFTV, instala\u00e7\u00e3o de cerca el\u00e9trica e alarmes monitorados , manuten\u00e7\u00e3o geral....\",\"breadcrumb\":{\"@id\":\"https:\/\/d2ginformatica.com.br\/index.php\/cameras-de-seguranca-cftv-alarme\/#breadcrumb\"},\"inLanguage\":\"pt-BR\",\"potentialAction\":[{\"@type\":\"ReadAction\",\"target\":[\"https:\/\/d2ginformatica.com.br\/index.php\/cameras-de-seguranca-cftv-alarme\/\"]}]},{\"@type\":\"BreadcrumbList\",\"@id\":\"https:\/\/d2ginformatica.com.br\/index.php\/cameras-de-seguranca-cftv-alarme\/#breadcrumb\",\"itemListElement\":[{\"@type\":\"ListItem\",\"position\":1,\"name\":\"Home\",\"item\":\"https:\/\/d2ginformatica.com.br\/\"},{\"@type\":\"ListItem\",\"position\":2,\"name\":\"C\u00e2meras de Seguran\u00e7a CFTV\"}]},{\"@type\":\"WebSite\",\"@id\":\"https:\/\/d2ginformatica.com.br\/#website\",\"url\":\"https:\/\/d2ginformatica.com.br\/\",\"name\":\"D2g\",\"description\":\"assist\u00eancia t\u00e9cnica em computadores\",\"publisher\":{\"@id\":\"https:\/\/d2ginformatica.com.br\/#organization\"},\"potentialAction\":[{\"@type\":\"SearchAction\",\"target\":{\"@type\":\"EntryPoint\",\"urlTemplate\":\"https:\/\/d2ginformatica.com.br\/?s={search_term_string}\"},\"query-input\":{\"@type\":\"PropertyValueSpecification\",\"valueRequired\":true,\"valueName\":\"search_term_string\"}}],\"inLanguage\":\"pt-BR\"},{\"@type\":[\"Organization\",\"Place\"],\"@id\":\"https:\/\/d2ginformatica.com.br\/#organization\",\"name\":\"D2G Inform\u00e1tica - assist\u00eancia t\u00e9cnica e inform\u00e1tica\",\"url\":\"https:\/\/d2ginformatica.com.br\/\",\"logo\":{\"@id\":\"https:\/\/d2ginformatica.com.br\/index.php\/cameras-de-seguranca-cftv-alarme\/#local-main-organization-logo\"},\"image\":{\"@id\":\"https:\/\/d2ginformatica.com.br\/index.php\/cameras-de-seguranca-cftv-alarme\/#local-main-organization-logo\"},\"address\":{\"@id\":\"https:\/\/d2ginformatica.com.br\/index.php\/cameras-de-seguranca-cftv-alarme\/#local-main-place-address\"},\"telephone\":[\"11981768299\"],\"openingHoursSpecification\":[{\"@type\":\"OpeningHoursSpecification\",\"dayOfWeek\":[\"Monday\",\"Tuesday\",\"Wednesday\",\"Thursday\",\"Friday\"],\"opens\":\"08:00\",\"closes\":\"17:00\"},{\"@type\":\"OpeningHoursSpecification\",\"dayOfWeek\":[\"Saturday\"],\"opens\":\"20:00\",\"closes\":\"00:00\"},{\"@type\":\"OpeningHoursSpecification\",\"dayOfWeek\":[\"Sunday\"],\"opens\":\"00:00\",\"closes\":\"00:00\"}],\"vatID\":\"45.968.392\/0001-15\",\"globalLocationNumber\":\"G893+3W Vila Am\u00e9lia, S\u00e3o Paulo - SP, Brasil\"},{\"@type\":\"PostalAddress\",\"@id\":\"https:\/\/d2ginformatica.com.br\/index.php\/cameras-de-seguranca-cftv-alarme\/#local-main-place-address\",\"streetAddress\":\"Av. Ministro Petr\u00f4nio Portela N\u00ba 2018, 1139789565\",\"addressLocality\":\"S\u00e3o Paulo\",\"postalCode\":\"02802120\",\"addressRegion\":\"S\u00e3o Paulo\",\"addressCountry\":\"BR\"},{\"@type\":\"ImageObject\",\"inLanguage\":\"pt-BR\",\"@id\":\"https:\/\/d2ginformatica.com.br\/index.php\/cameras-de-seguranca-cftv-alarme\/#local-main-organization-logo\",\"url\":\"https:\/\/d2ginformatica.com.br\/wp-content\/uploads\/2020\/09\/logo-1024x511-1.jpeg\",\"contentUrl\":\"https:\/\/d2ginformatica.com.br\/wp-content\/uploads\/2020\/09\/logo-1024x511-1.jpeg\",\"width\":1024,\"height\":511,\"caption\":\"D2G Inform\u00e1tica - assist\u00eancia t\u00e9cnica e inform\u00e1tica\"}]}<\/script>\n<meta name=\"geo.placename\" content=\"S\u00e3o Paulo\" \/>\n<meta name=\"geo.region\" content=\"Brasil\" \/>\n<!-- \/ Yoast SEO Premium plugin. -->","yoast_head_json":{"title":"C\u00e2meras de Seguran\u00e7a CFTV - D2g - CFTV Cameras de seguran\u00e7a %","description":"Instala\u00e7\u00e3o e configura\u00e7\u00e3o de C\u00e2meras\u00a0 de seguran\u00e7a CFTV, instala\u00e7\u00e3o de cerca el\u00e9trica e alarmes monitorados , manuten\u00e7\u00e3o geral....","robots":{"index":"index","follow":"follow","max-snippet":"max-snippet:-1","max-image-preview":"max-image-preview:large","max-video-preview":"max-video-preview:-1"},"canonical":"https:\/\/d2ginformatica.com.br\/index.php\/cameras-de-seguranca-cftv-alarme\/","og_locale":"pt_BR","og_type":"article","og_title":"C\u00e2meras de Seguran\u00e7a CFTV","og_description":"Instala\u00e7\u00e3o e configura\u00e7\u00e3o de C\u00e2meras\u00a0 de seguran\u00e7a CFTV, instala\u00e7\u00e3o de cerca el\u00e9trica e alarmes monitorados , manuten\u00e7\u00e3o geral....","og_url":"https:\/\/d2ginformatica.com.br\/index.php\/cameras-de-seguranca-cftv-alarme\/","og_site_name":"D2g","article_modified_time":"2023-06-08T19:38:49+00:00","twitter_card":"summary_large_image","twitter_misc":{"Est. tempo de leitura":"1 minuto"},"schema":{"@context":"https:\/\/schema.org","@graph":[{"@type":["WebPage","ItemPage"],"@id":"https:\/\/d2ginformatica.com.br\/index.php\/cameras-de-seguranca-cftv-alarme\/","url":"https:\/\/d2ginformatica.com.br\/index.php\/cameras-de-seguranca-cftv-alarme\/","name":"C\u00e2meras de Seguran\u00e7a CFTV - D2g - CFTV Cameras de seguran\u00e7a %","isPartOf":{"@id":"https:\/\/d2ginformatica.com.br\/#website"},"datePublished":"2021-04-14T18:56:26+00:00","dateModified":"2023-06-08T19:38:49+00:00","description":"Instala\u00e7\u00e3o e configura\u00e7\u00e3o de C\u00e2meras\u00a0 de seguran\u00e7a CFTV, instala\u00e7\u00e3o de cerca el\u00e9trica e alarmes monitorados , manuten\u00e7\u00e3o geral....","breadcrumb":{"@id":"https:\/\/d2ginformatica.com.br\/index.php\/cameras-de-seguranca-cftv-alarme\/#breadcrumb"},"inLanguage":"pt-BR","potentialAction":[{"@type":"ReadAction","target":["https:\/\/d2ginformatica.com.br\/index.php\/cameras-de-seguranca-cftv-alarme\/"]}]},{"@type":"BreadcrumbList","@id":"https:\/\/d2ginformatica.com.br\/index.php\/cameras-de-seguranca-cftv-alarme\/#breadcrumb","itemListElement":[{"@type":"ListItem","position":1,"name":"Home","item":"https:\/\/d2ginformatica.com.br\/"},{"@type":"ListItem","position":2,"name":"C\u00e2meras de Seguran\u00e7a CFTV"}]},{"@type":"WebSite","@id":"https:\/\/d2ginformatica.com.br\/#website","url":"https:\/\/d2ginformatica.com.br\/","name":"D2g","description":"assist\u00eancia t\u00e9cnica em computadores","publisher":{"@id":"https:\/\/d2ginformatica.com.br\/#organization"},"potentialAction":[{"@type":"SearchAction","target":{"@type":"EntryPoint","urlTemplate":"https:\/\/d2ginformatica.com.br\/?s={search_term_string}"},"query-input":{"@type":"PropertyValueSpecification","valueRequired":true,"valueName":"search_term_string"}}],"inLanguage":"pt-BR"},{"@type":["Organization","Place"],"@id":"https:\/\/d2ginformatica.com.br\/#organization","name":"D2G Inform\u00e1tica - assist\u00eancia t\u00e9cnica e inform\u00e1tica","url":"https:\/\/d2ginformatica.com.br\/","logo":{"@id":"https:\/\/d2ginformatica.com.br\/index.php\/cameras-de-seguranca-cftv-alarme\/#local-main-organization-logo"},"image":{"@id":"https:\/\/d2ginformatica.com.br\/index.php\/cameras-de-seguranca-cftv-alarme\/#local-main-organization-logo"},"address":{"@id":"https:\/\/d2ginformatica.com.br\/index.php\/cameras-de-seguranca-cftv-alarme\/#local-main-place-address"},"telephone":["11981768299"],"openingHoursSpecification":[{"@type":"OpeningHoursSpecification","dayOfWeek":["Monday","Tuesday","Wednesday","Thursday","Friday"],"opens":"08:00","closes":"17:00"},{"@type":"OpeningHoursSpecification","dayOfWeek":["Saturday"],"opens":"20:00","closes":"00:00"},{"@type":"OpeningHoursSpecification","dayOfWeek":["Sunday"],"opens":"00:00","closes":"00:00"}],"vatID":"45.968.392\/0001-15","globalLocationNumber":"G893+3W Vila Am\u00e9lia, S\u00e3o Paulo - SP, Brasil"},{"@type":"PostalAddress","@id":"https:\/\/d2ginformatica.com.br\/index.php\/cameras-de-seguranca-cftv-alarme\/#local-main-place-address","streetAddress":"Av. Ministro Petr\u00f4nio Portela N\u00ba 2018, 1139789565","addressLocality":"S\u00e3o Paulo","postalCode":"02802120","addressRegion":"S\u00e3o Paulo","addressCountry":"BR"},{"@type":"ImageObject","inLanguage":"pt-BR","@id":"https:\/\/d2ginformatica.com.br\/index.php\/cameras-de-seguranca-cftv-alarme\/#local-main-organization-logo","url":"https:\/\/d2ginformatica.com.br\/wp-content\/uploads\/2020\/09\/logo-1024x511-1.jpeg","contentUrl":"https:\/\/d2ginformatica.com.br\/wp-content\/uploads\/2020\/09\/logo-1024x511-1.jpeg","width":1024,"height":511,"caption":"D2G Inform\u00e1tica - assist\u00eancia t\u00e9cnica e inform\u00e1tica"}]},"geo.placename":"S\u00e3o Paulo","geo.region":"Brasil"},"_links":{"self":[{"href":"https:\/\/d2ginformatica.com.br\/index.php\/wp-json\/wp\/v2\/pages\/134","targetHints":{"allow":["GET"]}}],"collection":[{"href":"https:\/\/d2ginformatica.com.br\/index.php\/wp-json\/wp\/v2\/pages"}],"about":[{"href":"https:\/\/d2ginformatica.com.br\/index.php\/wp-json\/wp\/v2\/types\/page"}],"author":[{"embeddable":true,"href":"https:\/\/d2ginformatica.com.br\/index.php\/wp-json\/wp\/v2\/users\/1"}],"replies":[{"embeddable":true,"href":"https:\/\/d2ginformatica.com.br\/index.php\/wp-json\/wp\/v2\/comments?post=134"}],"version-history":[{"count":6,"href":"https:\/\/d2ginformatica.com.br\/index.php\/wp-json\/wp\/v2\/pages\/134\/revisions"}],"predecessor-version":[{"id":16348,"href":"https:\/\/d2ginformatica.com.br\/index.php\/wp-json\/wp\/v2\/pages\/134\/revisions\/16348"}],"wp:attachment":[{"href":"https:\/\/d2ginformatica.com.br\/index.php\/wp-json\/wp\/v2\/media?parent=134"}],"curies":[{"name":"wp","href":"https:\/\/api.w.org\/{rel}","templated":true}]}}