{"id":132,"date":"2021-04-14T18:55:19","date_gmt":"2021-04-14T18:55:19","guid":{"rendered":"http:\/\/d2ginformatica.com.br\/?page_id=132"},"modified":"2023-06-08T19:35:43","modified_gmt":"2023-06-08T19:35:43","slug":"web-site","status":"publish","type":"page","link":"https:\/\/d2ginformatica.com.br\/index.php\/web-site\/","title":{"rendered":"Web Site"},"content":{"rendered":"\t\t<div data-elementor-type=\"wp-page\" data-elementor-id=\"132\" class=\"elementor elementor-132\" data-elementor-post-type=\"page\">\n\t\t\t\t\t\t<section class=\"elementor-section elementor-top-section elementor-element elementor-element-dcaa58e elementor-section-boxed elementor-section-height-default elementor-section-height-default\" data-id=\"dcaa58e\" data-element_type=\"section\" data-e-type=\"section\">\n\t\t\t\t\t\t<div class=\"elementor-container elementor-column-gap-default\">\n\t\t\t\t\t<div class=\"elementor-column elementor-col-100 elementor-top-column elementor-element elementor-element-079bd37\" data-id=\"079bd37\" data-element_type=\"column\" data-e-type=\"column\">\n\t\t\t<div class=\"elementor-widget-wrap elementor-element-populated\">\n\t\t\t\t\t\t<div class=\"elementor-element elementor-element-9e2d1e4 elementor--h-position-center elementor--v-position-middle elementor-arrows-position-inside elementor-pagination-position-inside elementor-widget elementor-widget-slides\" data-id=\"9e2d1e4\" data-element_type=\"widget\" data-e-type=\"widget\" data-settings=\"{&quot;navigation&quot;:&quot;both&quot;,&quot;autoplay&quot;:&quot;yes&quot;,&quot;pause_on_hover&quot;:&quot;yes&quot;,&quot;pause_on_interaction&quot;:&quot;yes&quot;,&quot;autoplay_speed&quot;:5000,&quot;infinite&quot;:&quot;yes&quot;,&quot;transition&quot;:&quot;slide&quot;,&quot;transition_speed&quot;:500}\" data-widget_type=\"slides.default\">\n\t\t\t\t<div class=\"elementor-widget-container\">\n\t\t\t\t\t\t\t\t\t<div class=\"elementor-swiper\">\n\t\t\t\t\t<div class=\"elementor-slides-wrapper elementor-main-swiper swiper\" role=\"region\" aria-roledescription=\"carousel\" aria-label=\"Slides\" dir=\"ltr\" data-animation=\"fadeInUp\">\n\t\t\t\t<div class=\"swiper-wrapper elementor-slides\">\n\t\t\t\t\t\t\t\t\t\t<div class=\"elementor-repeater-item-dab6f6c swiper-slide\" role=\"group\" aria-roledescription=\"slide\"><div class=\"swiper-slide-bg\" role=\"img\" aria-label=\"1\"><\/div><div class=\"swiper-slide-inner\" ><div class=\"swiper-slide-contents\"><\/div><\/div><\/div><div class=\"elementor-repeater-item-7c98767 swiper-slide\" role=\"group\" aria-roledescription=\"slide\"><div class=\"swiper-slide-bg\" role=\"img\" aria-label=\"Cameras de seguran\u00e7a e CFTV alarme\"><\/div><div class=\"swiper-slide-inner\" ><div class=\"swiper-slide-contents\"><\/div><\/div><\/div><div class=\"elementor-repeater-item-cb977ed swiper-slide\" role=\"group\" aria-roledescription=\"slide\"><div class=\"swiper-slide-bg\" role=\"img\" aria-label=\"Website pessoal ou empresarial\"><\/div><div class=\"swiper-slide-inner\" ><div class=\"swiper-slide-contents\"><\/div><\/div><\/div><div class=\"elementor-repeater-item-3e61841 swiper-slide\" role=\"group\" aria-roledescription=\"slide\"><div class=\"swiper-slide-bg\" role=\"img\" aria-label=\"\"><\/div><div class=\"swiper-slide-inner\" ><div class=\"swiper-slide-contents\"><\/div><\/div><\/div><div class=\"elementor-repeater-item-b0d6dd5 swiper-slide\" role=\"group\" aria-roledescription=\"slide\"><div class=\"swiper-slide-bg\" role=\"img\" aria-label=\"3\"><\/div><div class=\"swiper-slide-inner\" ><div class=\"swiper-slide-contents\"><\/div><\/div><\/div>\t\t\t\t<\/div>\n\t\t\t\t\t\t\t\t\t\t\t\t\t\t\t<div class=\"elementor-swiper-button elementor-swiper-button-prev\" role=\"button\" tabindex=\"0\" aria-label=\"Slide anterior\">\n\t\t\t\t\t\t\t<i aria-hidden=\"true\" class=\"eicon-chevron-left\"><\/i>\t\t\t\t\t\t<\/div>\n\t\t\t\t\t\t<div class=\"elementor-swiper-button elementor-swiper-button-next\" role=\"button\" tabindex=\"0\" aria-label=\"Pr\u00f3ximo slide\">\n\t\t\t\t\t\t\t<i aria-hidden=\"true\" class=\"eicon-chevron-right\"><\/i>\t\t\t\t\t\t<\/div>\n\t\t\t\t\t\t\t\t\t\t\t\t\t\t\t\t<div class=\"swiper-pagination\"><\/div>\n\t\t\t\t\t\t\t\t\t\t\t\t<\/div>\n\t\t\t\t<\/div>\n\t\t\t\t\t\t\t\t<\/div>\n\t\t\t\t<\/div>\n\t\t\t\t\t<\/div>\n\t\t<\/div>\n\t\t\t\t\t<\/div>\n\t\t<\/section>\n\t\t\t\t<section class=\"elementor-section elementor-top-section elementor-element elementor-element-6351a3b elementor-section-boxed elementor-section-height-default elementor-section-height-default\" data-id=\"6351a3b\" data-element_type=\"section\" data-e-type=\"section\">\n\t\t\t\t\t\t<div class=\"elementor-container elementor-column-gap-default\">\n\t\t\t\t\t<div class=\"elementor-column elementor-col-100 elementor-top-column elementor-element elementor-element-85f652f\" data-id=\"85f652f\" data-element_type=\"column\" data-e-type=\"column\">\n\t\t\t<div class=\"elementor-widget-wrap\">\n\t\t\t\t\t\t\t<\/div>\n\t\t<\/div>\n\t\t\t\t\t<\/div>\n\t\t<\/section>\n\t\t\t\t<section class=\"elementor-section elementor-top-section elementor-element elementor-element-9a61e6a elementor-section-full_width elementor-section-height-default elementor-section-height-default elementor-invisible\" data-id=\"9a61e6a\" data-element_type=\"section\" data-e-type=\"section\" data-settings=\"{&quot;animation&quot;:&quot;fadeInLeft&quot;,&quot;background_background&quot;:&quot;classic&quot;}\">\n\t\t\t\t\t\t\t<div class=\"elementor-background-overlay\"><\/div>\n\t\t\t\t\t\t\t<div class=\"elementor-container elementor-column-gap-default\">\n\t\t\t\t\t<div class=\"elementor-column elementor-col-100 elementor-top-column elementor-element elementor-element-28a58df\" data-id=\"28a58df\" data-element_type=\"column\" data-e-type=\"column\" data-settings=\"{&quot;background_background&quot;:&quot;classic&quot;}\">\n\t\t\t<div class=\"elementor-widget-wrap elementor-element-populated\">\n\t\t\t\t\t<div class=\"elementor-background-overlay\"><\/div>\n\t\t\t\t\t\t<div class=\"elementor-element elementor-element-5ae31fd elementor-drop-cap-yes e-transform elementor-drop-cap-view-default elementor-widget elementor-widget-text-editor\" data-id=\"5ae31fd\" data-element_type=\"widget\" data-e-type=\"widget\" data-settings=\"{&quot;drop_cap&quot;:&quot;yes&quot;,&quot;_transform_rotateZ_effect&quot;:{&quot;unit&quot;:&quot;px&quot;,&quot;size&quot;:0,&quot;sizes&quot;:[]},&quot;_transform_rotateZ_effect_tablet&quot;:{&quot;unit&quot;:&quot;deg&quot;,&quot;size&quot;:&quot;&quot;,&quot;sizes&quot;:[]},&quot;_transform_rotateZ_effect_mobile&quot;:{&quot;unit&quot;:&quot;deg&quot;,&quot;size&quot;:&quot;&quot;,&quot;sizes&quot;:[]}}\" data-widget_type=\"text-editor.default\">\n\t\t\t\t<div class=\"elementor-widget-container\">\n\t\t\t\t\t\t\t\t\t<p>Hoje se torna indispens\u00e1vel ter sua presen\u00e7a online, pensando nisso nos da D2G inform\u00e1tica temos as melhores solu\u00e7\u00f5es do mercado para manter seu negocio online, criamos sites profissionais com layouts personalizados, responsivos, din\u00e2micos e 100% gerenci\u00e1vel, integra\u00e7\u00e3o com Redes Sociais, WhatsApp, Automa\u00e7\u00e3o de Marketing SEO \u2014 Otimiza\u00e7\u00e3o para mecanismos de pesquisa.<\/p><p>Atitudes simples como criar um site podem ajudar a impulsionar sua empresa, al\u00e9m de gerar credibilidade, atrair novos clientes, entre muitas outras vantagens.<\/p><p>Portanto, se voc\u00ea decidiu empreender em plena era da revolu\u00e7\u00e3o tecnol\u00f3gica, saiba que ter apenas um perfil em alguma rede social n\u00e3o basta para garantir uma boa presen\u00e7a na internet.<\/p><p>Nesse contexto, empresas que ainda n\u00e3o investem na cria\u00e7\u00e3o de um site acabam ficando para tr\u00e1s e perdem credibilidade no mercado. O investimento em um novo site pode levar a empresa a lugares nunca antes imaginados, contribuindo para maior lucratividade sem demandar muito investimento financeiro.<\/p><p>Desenvolvemos seu site do zero, atrav\u00e9s de nossa equipe de especialistas\u00a0 temos a total capacidade de desenvolver e hospedar seu site na internet,\u00a0 criamos sua logo marca , cadastro no google maps com inser\u00e7\u00e3o de fotos , a D2G tem uma equipa para realiza\u00e7\u00e3o de fotos da sua empresa.<\/p><p>Temos servi\u00e7o de hospedagem pr\u00f3prio.<\/p><p>Solicite um or\u00e7amento:<\/p>\t\t\t\t\t\t\t\t<\/div>\n\t\t\t\t<\/div>\n\t\t\t\t<div class=\"elementor-element elementor-element-7b82501 elementor-align-center elementor-widget elementor-widget-button\" data-id=\"7b82501\" data-element_type=\"widget\" data-e-type=\"widget\" data-widget_type=\"button.default\">\n\t\t\t\t<div class=\"elementor-widget-container\">\n\t\t\t\t\t\t\t\t\t<div class=\"elementor-button-wrapper\">\n\t\t\t\t\t<a class=\"elementor-button elementor-button-link elementor-size-lg elementor-animation-grow\" href=\"https:\/\/api.whatsapp.com\/send?phone=551139789565&#038;text=WEBSITE\">\n\t\t\t\t\t\t<span class=\"elementor-button-content-wrapper\">\n\t\t\t\t\t\t\t\t\t<span class=\"elementor-button-text\">Solicitar um Or\u00e7amento<\/span>\n\t\t\t\t\t<\/span>\n\t\t\t\t\t<\/a>\n\t\t\t\t<\/div>\n\t\t\t\t\t\t\t\t<\/div>\n\t\t\t\t<\/div>\n\t\t\t\t<div class=\"elementor-element elementor-element-501398e elementor-widget elementor-widget-heading\" data-id=\"501398e\" data-element_type=\"widget\" data-e-type=\"widget\" data-widget_type=\"heading.default\">\n\t\t\t\t<div class=\"elementor-widget-container\">\n\t\t\t\t\t<h2 class=\"elementor-heading-title elementor-size-medium\">Compartilhe nas redes sociais<\/h2>\t\t\t\t<\/div>\n\t\t\t\t<\/div>\n\t\t\t\t<div class=\"elementor-element elementor-element-c2f819d elementor-share-buttons--view-icon elementor-share-buttons--shape-circle elementor-share-buttons--skin-gradient elementor-grid-0 elementor-share-buttons--color-official elementor-invisible elementor-widget elementor-widget-share-buttons\" data-id=\"c2f819d\" data-element_type=\"widget\" data-e-type=\"widget\" data-settings=\"{&quot;_animation&quot;:&quot;fadeInUp&quot;}\" data-widget_type=\"share-buttons.default\">\n\t\t\t\t<div class=\"elementor-widget-container\">\n\t\t\t\t\t\t\t<div class=\"elementor-grid\" role=\"list\">\n\t\t\t\t\t\t\t\t<div class=\"elementor-grid-item\" role=\"listitem\">\n\t\t\t\t\t\t<div class=\"elementor-share-btn elementor-share-btn_facebook\" role=\"button\" tabindex=\"0\" aria-label=\"Compartilhar no facebook\">\n\t\t\t\t\t\t\t\t\t\t\t\t\t\t\t<span class=\"elementor-share-btn__icon\">\n\t\t\t\t\t\t\t\t<i class=\"fab fa-facebook\" aria-hidden=\"true\"><\/i>\t\t\t\t\t\t\t<\/span>\n\t\t\t\t\t\t\t\t\t\t\t\t\t\t\t\t\t\t\t\t<\/div>\n\t\t\t\t\t<\/div>\n\t\t\t\t\t\t\t\t\t<div class=\"elementor-grid-item\" role=\"listitem\">\n\t\t\t\t\t\t<div class=\"elementor-share-btn elementor-share-btn_email\" role=\"button\" tabindex=\"0\" aria-label=\"Compartilhar no email\">\n\t\t\t\t\t\t\t\t\t\t\t\t\t\t\t<span class=\"elementor-share-btn__icon\">\n\t\t\t\t\t\t\t\t<i class=\"fas fa-envelope\" aria-hidden=\"true\"><\/i>\t\t\t\t\t\t\t<\/span>\n\t\t\t\t\t\t\t\t\t\t\t\t\t\t\t\t\t\t\t\t<\/div>\n\t\t\t\t\t<\/div>\n\t\t\t\t\t\t\t\t\t<div class=\"elementor-grid-item\" role=\"listitem\">\n\t\t\t\t\t\t<div class=\"elementor-share-btn elementor-share-btn_linkedin\" role=\"button\" tabindex=\"0\" aria-label=\"Compartilhar no linkedin\">\n\t\t\t\t\t\t\t\t\t\t\t\t\t\t\t<span class=\"elementor-share-btn__icon\">\n\t\t\t\t\t\t\t\t<i class=\"fab fa-linkedin\" aria-hidden=\"true\"><\/i>\t\t\t\t\t\t\t<\/span>\n\t\t\t\t\t\t\t\t\t\t\t\t\t\t\t\t\t\t\t\t<\/div>\n\t\t\t\t\t<\/div>\n\t\t\t\t\t\t\t\t\t<div class=\"elementor-grid-item\" role=\"listitem\">\n\t\t\t\t\t\t<div class=\"elementor-share-btn elementor-share-btn_whatsapp\" role=\"button\" tabindex=\"0\" aria-label=\"Compartilhar no whatsapp\">\n\t\t\t\t\t\t\t\t\t\t\t\t\t\t\t<span class=\"elementor-share-btn__icon\">\n\t\t\t\t\t\t\t\t<i class=\"fab fa-whatsapp\" aria-hidden=\"true\"><\/i>\t\t\t\t\t\t\t<\/span>\n\t\t\t\t\t\t\t\t\t\t\t\t\t\t\t\t\t\t\t\t<\/div>\n\t\t\t\t\t<\/div>\n\t\t\t\t\t\t<\/div>\n\t\t\t\t\t\t<\/div>\n\t\t\t\t<\/div>\n\t\t\t\t\t<\/div>\n\t\t<\/div>\n\t\t\t\t\t<\/div>\n\t\t<\/section>\n\t\t\t\t<\/div>\n\t\t","protected":false},"excerpt":{"rendered":"<p>Previous Next Hoje se torna indispens\u00e1vel ter sua presen\u00e7a online, pensando nisso nos da D2G inform\u00e1tica temos as melhores solu\u00e7\u00f5es do mercado para manter seu negocio online, criamos sites profissionais com layouts personalizados, responsivos, din\u00e2micos e 100% gerenci\u00e1vel, integra\u00e7\u00e3o com Redes Sociais, WhatsApp, Automa\u00e7\u00e3o de Marketing SEO \u2014 Otimiza\u00e7\u00e3o para mecanismos de pesquisa. Atitudes simples &#8230; <a title=\"Web Site\" class=\"read-more\" href=\"https:\/\/d2ginformatica.com.br\/index.php\/web-site\/\" aria-label=\"Read more about Web Site\">Ler mais<\/a><\/p>\n","protected":false},"author":1,"featured_media":0,"parent":0,"menu_order":0,"comment_status":"closed","ping_status":"closed","template":"","meta":{"footnotes":""},"class_list":["post-132","page","type-page","status-publish"],"yoast_head":"<!-- This site is optimized with the Yoast SEO Premium plugin v24.5 (Yoast SEO v24.5) - https:\/\/yoast.com\/wordpress\/plugins\/seo\/ -->\n<title>Web Site - D2g<\/title>\n<meta name=\"robots\" content=\"index, follow, max-snippet:-1, max-image-preview:large, max-video-preview:-1\" \/>\n<link rel=\"canonical\" href=\"https:\/\/d2ginformatica.com.br\/index.php\/web-site\/\" \/>\n<meta property=\"og:locale\" content=\"pt_BR\" \/>\n<meta property=\"og:type\" content=\"article\" \/>\n<meta property=\"og:title\" content=\"Web Site\" \/>\n<meta property=\"og:description\" content=\"Previous Next Hoje se torna indispens\u00e1vel ter sua presen\u00e7a online, pensando nisso nos da D2G inform\u00e1tica temos as melhores solu\u00e7\u00f5es do mercado para manter seu negocio online, criamos sites profissionais com layouts personalizados, responsivos, din\u00e2micos e 100% gerenci\u00e1vel, integra\u00e7\u00e3o com Redes Sociais, WhatsApp, Automa\u00e7\u00e3o de Marketing SEO \u2014 Otimiza\u00e7\u00e3o para mecanismos de pesquisa. Atitudes simples ... Ler mais\" \/>\n<meta property=\"og:url\" content=\"https:\/\/d2ginformatica.com.br\/index.php\/web-site\/\" \/>\n<meta property=\"og:site_name\" content=\"D2g\" \/>\n<meta property=\"article:modified_time\" content=\"2023-06-08T19:35:43+00:00\" \/>\n<meta name=\"twitter:card\" content=\"summary_large_image\" \/>\n<meta name=\"twitter:label1\" content=\"Est. tempo de leitura\" \/>\n\t<meta name=\"twitter:data1\" content=\"1 minuto\" \/>\n<script type=\"application\/ld+json\" class=\"yoast-schema-graph\">{\"@context\":\"https:\/\/schema.org\",\"@graph\":[{\"@type\":\"WebPage\",\"@id\":\"https:\/\/d2ginformatica.com.br\/index.php\/web-site\/\",\"url\":\"https:\/\/d2ginformatica.com.br\/index.php\/web-site\/\",\"name\":\"Web Site - D2g\",\"isPartOf\":{\"@id\":\"https:\/\/d2ginformatica.com.br\/#website\"},\"datePublished\":\"2021-04-14T18:55:19+00:00\",\"dateModified\":\"2023-06-08T19:35:43+00:00\",\"breadcrumb\":{\"@id\":\"https:\/\/d2ginformatica.com.br\/index.php\/web-site\/#breadcrumb\"},\"inLanguage\":\"pt-BR\",\"potentialAction\":[{\"@type\":\"ReadAction\",\"target\":[\"https:\/\/d2ginformatica.com.br\/index.php\/web-site\/\"]}]},{\"@type\":\"BreadcrumbList\",\"@id\":\"https:\/\/d2ginformatica.com.br\/index.php\/web-site\/#breadcrumb\",\"itemListElement\":[{\"@type\":\"ListItem\",\"position\":1,\"name\":\"Home\",\"item\":\"https:\/\/d2ginformatica.com.br\/\"},{\"@type\":\"ListItem\",\"position\":2,\"name\":\"Web Site\"}]},{\"@type\":\"WebSite\",\"@id\":\"https:\/\/d2ginformatica.com.br\/#website\",\"url\":\"https:\/\/d2ginformatica.com.br\/\",\"name\":\"D2g\",\"description\":\"assist\u00eancia t\u00e9cnica em computadores\",\"publisher\":{\"@id\":\"https:\/\/d2ginformatica.com.br\/#organization\"},\"potentialAction\":[{\"@type\":\"SearchAction\",\"target\":{\"@type\":\"EntryPoint\",\"urlTemplate\":\"https:\/\/d2ginformatica.com.br\/?s={search_term_string}\"},\"query-input\":{\"@type\":\"PropertyValueSpecification\",\"valueRequired\":true,\"valueName\":\"search_term_string\"}}],\"inLanguage\":\"pt-BR\"},{\"@type\":[\"Organization\",\"Place\"],\"@id\":\"https:\/\/d2ginformatica.com.br\/#organization\",\"name\":\"D2G Inform\u00e1tica - assist\u00eancia t\u00e9cnica e inform\u00e1tica\",\"url\":\"https:\/\/d2ginformatica.com.br\/\",\"logo\":{\"@id\":\"https:\/\/d2ginformatica.com.br\/index.php\/web-site\/#local-main-organization-logo\"},\"image\":{\"@id\":\"https:\/\/d2ginformatica.com.br\/index.php\/web-site\/#local-main-organization-logo\"},\"address\":{\"@id\":\"https:\/\/d2ginformatica.com.br\/index.php\/web-site\/#local-main-place-address\"},\"telephone\":[\"11981768299\"],\"openingHoursSpecification\":[{\"@type\":\"OpeningHoursSpecification\",\"dayOfWeek\":[\"Monday\",\"Tuesday\",\"Wednesday\",\"Thursday\",\"Friday\"],\"opens\":\"08:00\",\"closes\":\"17:00\"},{\"@type\":\"OpeningHoursSpecification\",\"dayOfWeek\":[\"Saturday\"],\"opens\":\"20:00\",\"closes\":\"00:00\"},{\"@type\":\"OpeningHoursSpecification\",\"dayOfWeek\":[\"Sunday\"],\"opens\":\"00:00\",\"closes\":\"00:00\"}],\"vatID\":\"45.968.392\/0001-15\",\"globalLocationNumber\":\"G893+3W Vila Am\u00e9lia, S\u00e3o Paulo - SP, Brasil\"},{\"@type\":\"PostalAddress\",\"@id\":\"https:\/\/d2ginformatica.com.br\/index.php\/web-site\/#local-main-place-address\",\"streetAddress\":\"Av. Ministro Petr\u00f4nio Portela N\u00ba 2018, 1139789565\",\"addressLocality\":\"S\u00e3o Paulo\",\"postalCode\":\"02802120\",\"addressRegion\":\"S\u00e3o Paulo\",\"addressCountry\":\"BR\"},{\"@type\":\"ImageObject\",\"inLanguage\":\"pt-BR\",\"@id\":\"https:\/\/d2ginformatica.com.br\/index.php\/web-site\/#local-main-organization-logo\",\"url\":\"https:\/\/d2ginformatica.com.br\/wp-content\/uploads\/2020\/09\/logo-1024x511-1.jpeg\",\"contentUrl\":\"https:\/\/d2ginformatica.com.br\/wp-content\/uploads\/2020\/09\/logo-1024x511-1.jpeg\",\"width\":1024,\"height\":511,\"caption\":\"D2G Inform\u00e1tica - assist\u00eancia t\u00e9cnica e inform\u00e1tica\"}]}<\/script>\n<meta name=\"geo.placename\" content=\"S\u00e3o Paulo\" \/>\n<meta name=\"geo.region\" content=\"Brasil\" \/>\n<!-- \/ Yoast SEO Premium plugin. -->","yoast_head_json":{"title":"Web Site - D2g","robots":{"index":"index","follow":"follow","max-snippet":"max-snippet:-1","max-image-preview":"max-image-preview:large","max-video-preview":"max-video-preview:-1"},"canonical":"https:\/\/d2ginformatica.com.br\/index.php\/web-site\/","og_locale":"pt_BR","og_type":"article","og_title":"Web Site","og_description":"Previous Next Hoje se torna indispens\u00e1vel ter sua presen\u00e7a online, pensando nisso nos da D2G inform\u00e1tica temos as melhores solu\u00e7\u00f5es do mercado para manter seu negocio online, criamos sites profissionais com layouts personalizados, responsivos, din\u00e2micos e 100% gerenci\u00e1vel, integra\u00e7\u00e3o com Redes Sociais, WhatsApp, Automa\u00e7\u00e3o de Marketing SEO \u2014 Otimiza\u00e7\u00e3o para mecanismos de pesquisa. Atitudes simples ... Ler mais","og_url":"https:\/\/d2ginformatica.com.br\/index.php\/web-site\/","og_site_name":"D2g","article_modified_time":"2023-06-08T19:35:43+00:00","twitter_card":"summary_large_image","twitter_misc":{"Est. tempo de leitura":"1 minuto"},"schema":{"@context":"https:\/\/schema.org","@graph":[{"@type":"WebPage","@id":"https:\/\/d2ginformatica.com.br\/index.php\/web-site\/","url":"https:\/\/d2ginformatica.com.br\/index.php\/web-site\/","name":"Web Site - D2g","isPartOf":{"@id":"https:\/\/d2ginformatica.com.br\/#website"},"datePublished":"2021-04-14T18:55:19+00:00","dateModified":"2023-06-08T19:35:43+00:00","breadcrumb":{"@id":"https:\/\/d2ginformatica.com.br\/index.php\/web-site\/#breadcrumb"},"inLanguage":"pt-BR","potentialAction":[{"@type":"ReadAction","target":["https:\/\/d2ginformatica.com.br\/index.php\/web-site\/"]}]},{"@type":"BreadcrumbList","@id":"https:\/\/d2ginformatica.com.br\/index.php\/web-site\/#breadcrumb","itemListElement":[{"@type":"ListItem","position":1,"name":"Home","item":"https:\/\/d2ginformatica.com.br\/"},{"@type":"ListItem","position":2,"name":"Web Site"}]},{"@type":"WebSite","@id":"https:\/\/d2ginformatica.com.br\/#website","url":"https:\/\/d2ginformatica.com.br\/","name":"D2g","description":"assist\u00eancia t\u00e9cnica em computadores","publisher":{"@id":"https:\/\/d2ginformatica.com.br\/#organization"},"potentialAction":[{"@type":"SearchAction","target":{"@type":"EntryPoint","urlTemplate":"https:\/\/d2ginformatica.com.br\/?s={search_term_string}"},"query-input":{"@type":"PropertyValueSpecification","valueRequired":true,"valueName":"search_term_string"}}],"inLanguage":"pt-BR"},{"@type":["Organization","Place"],"@id":"https:\/\/d2ginformatica.com.br\/#organization","name":"D2G Inform\u00e1tica - assist\u00eancia t\u00e9cnica e inform\u00e1tica","url":"https:\/\/d2ginformatica.com.br\/","logo":{"@id":"https:\/\/d2ginformatica.com.br\/index.php\/web-site\/#local-main-organization-logo"},"image":{"@id":"https:\/\/d2ginformatica.com.br\/index.php\/web-site\/#local-main-organization-logo"},"address":{"@id":"https:\/\/d2ginformatica.com.br\/index.php\/web-site\/#local-main-place-address"},"telephone":["11981768299"],"openingHoursSpecification":[{"@type":"OpeningHoursSpecification","dayOfWeek":["Monday","Tuesday","Wednesday","Thursday","Friday"],"opens":"08:00","closes":"17:00"},{"@type":"OpeningHoursSpecification","dayOfWeek":["Saturday"],"opens":"20:00","closes":"00:00"},{"@type":"OpeningHoursSpecification","dayOfWeek":["Sunday"],"opens":"00:00","closes":"00:00"}],"vatID":"45.968.392\/0001-15","globalLocationNumber":"G893+3W Vila Am\u00e9lia, S\u00e3o Paulo - SP, Brasil"},{"@type":"PostalAddress","@id":"https:\/\/d2ginformatica.com.br\/index.php\/web-site\/#local-main-place-address","streetAddress":"Av. Ministro Petr\u00f4nio Portela N\u00ba 2018, 1139789565","addressLocality":"S\u00e3o Paulo","postalCode":"02802120","addressRegion":"S\u00e3o Paulo","addressCountry":"BR"},{"@type":"ImageObject","inLanguage":"pt-BR","@id":"https:\/\/d2ginformatica.com.br\/index.php\/web-site\/#local-main-organization-logo","url":"https:\/\/d2ginformatica.com.br\/wp-content\/uploads\/2020\/09\/logo-1024x511-1.jpeg","contentUrl":"https:\/\/d2ginformatica.com.br\/wp-content\/uploads\/2020\/09\/logo-1024x511-1.jpeg","width":1024,"height":511,"caption":"D2G Inform\u00e1tica - assist\u00eancia t\u00e9cnica e inform\u00e1tica"}]},"geo.placename":"S\u00e3o Paulo","geo.region":"Brasil"},"_links":{"self":[{"href":"https:\/\/d2ginformatica.com.br\/index.php\/wp-json\/wp\/v2\/pages\/132","targetHints":{"allow":["GET"]}}],"collection":[{"href":"https:\/\/d2ginformatica.com.br\/index.php\/wp-json\/wp\/v2\/pages"}],"about":[{"href":"https:\/\/d2ginformatica.com.br\/index.php\/wp-json\/wp\/v2\/types\/page"}],"author":[{"embeddable":true,"href":"https:\/\/d2ginformatica.com.br\/index.php\/wp-json\/wp\/v2\/users\/1"}],"replies":[{"embeddable":true,"href":"https:\/\/d2ginformatica.com.br\/index.php\/wp-json\/wp\/v2\/comments?post=132"}],"version-history":[{"count":6,"href":"https:\/\/d2ginformatica.com.br\/index.php\/wp-json\/wp\/v2\/pages\/132\/revisions"}],"predecessor-version":[{"id":16339,"href":"https:\/\/d2ginformatica.com.br\/index.php\/wp-json\/wp\/v2\/pages\/132\/revisions\/16339"}],"wp:attachment":[{"href":"https:\/\/d2ginformatica.com.br\/index.php\/wp-json\/wp\/v2\/media?parent=132"}],"curies":[{"name":"wp","href":"https:\/\/api.w.org\/{rel}","templated":true}]}}